{"id":95,"date":"2015-11-23T21:16:43","date_gmt":"2015-11-23T21:16:43","guid":{"rendered":"\/?page_id=95"},"modified":"2021-10-11T20:34:08","modified_gmt":"2021-10-12T01:34:08","slug":"manejo-responsable-de-llantas-usadas-a-c","status":"publish","type":"page","link":"https:\/\/reciclallantas.org.mx\/","title":{"rendered":"Inicio"},"content":{"rendered":"<p>[vc_row][vc_column][vc_raw_html]JTNDaDElMjBjbGFzcyUzRCUyMnRpdGxlMSUyMiUzRSUzQ3N0cm9uZyUzRUFzb2NpYWNpJUMzJUIzbiUyME1hbmVqbyUyMFJlc3BvbnNhYmxlJTIwZGUlMjBMbGFudGFzJTIwVXNhZGFzJTJDJTIwQS5DLiUzQyUyRnN0cm9uZyUzRSUzQyUyRmgxJTNF[\/vc_raw_html][\/vc_column][\/vc_row][vc_row][vc_column el_id=&#8221;asociacion&#8221;][vc_column_text]<\/p>\n<h2 class=\"text1\">Manejo Responsable de Llantas Usadas, como su nombre lo indica, es una asociaci\u00f3n civil sin fines<br \/>\nde lucro, preocupada por la problem\u00e1tica que las llantas de desecho representan para el medio ambiente y la sociedad. Es por esto que nos hemos reunido para crear campa\u00f1as de concientizaci\u00f3n, actividades para el involucramiento social, firma de acuerdos de coordinaci\u00f3n, recolecci\u00f3n de llantas y recuperaci\u00f3n de \u00e1reas verdes, entre otras acciones. Estamos buscando promover e inspirar a las personas para que se involucren en esta misi\u00f3n.<\/h2>\n<p>[\/vc_column_text][\/vc_column][\/vc_row][vc_row][vc_column][vc_empty_space][\/vc_column][\/vc_row][vc_row][vc_column width=&#8221;1\/3&#8243;][vc_images_carousel images=&#8221;398,782,806,784&#8243; img_size=&#8221;190 x 160&#8243; hide_pagination_control=&#8221;yes&#8221; hide_prev_next_buttons=&#8221;yes&#8221;][\/vc_column][vc_column width=&#8221;1\/3&#8243;][vc_column_text css_animation=&#8221;appear&#8221;]<\/p>\n<h2 style=\"text-align: center;\"><img loading=\"lazy\" decoding=\"async\" class=\"alignnone wp-image-400\" src=\"\/wp-content\/uploads\/2015\/11\/involucrate.png\" alt=\"involucrate\" width=\"145\" height=\"202\" \/><\/h2>\n<h2 style=\"text-align: center;\"><\/h2>\n<p>[\/vc_column_text][\/vc_column][vc_column width=&#8221;1\/3&#8243;][vc_column_text css_animation=&#8221;right-to-left&#8221;]<\/p>\n<h2 style=\"text-align: center;\"><img loading=\"lazy\" decoding=\"async\" class=\"alignnone wp-image-405\" src=\"\/wp-content\/uploads\/2015\/11\/difunde-300x255.png\" alt=\"difunde\" width=\"239\" height=\"204\" srcset=\"https:\/\/reciclallantas.org.mx\/wp-content\/uploads\/2015\/11\/difunde-300x255.png 300w, https:\/\/reciclallantas.org.mx\/wp-content\/uploads\/2015\/11\/difunde-1024x871.png 1024w, https:\/\/reciclallantas.org.mx\/wp-content\/uploads\/2015\/11\/difunde.png 1749w\" sizes=\"(max-width: 239px) 100vw, 239px\" \/><\/h2>\n<p>[\/vc_column_text][\/vc_column][\/vc_row][vc_row][vc_column width=&#8221;1\/3&#8243;][vc_column_text css_animation=&#8221;left-to-right&#8221;]<\/p>\n<h3 class=\"text1\"><strong>Inf\u00f3rmate<\/strong><\/h3>\n<p>[\/vc_column_text][\/vc_column][vc_column width=&#8221;1\/3&#8243;][vc_column_text css_animation=&#8221;appear&#8221;]<\/p>\n<h3 class=\"text1\"><strong>\u00a1Invol\u00facrate<\/strong><br \/>\n<strong>y act\u00faa!<\/strong><\/h3>\n<p>[\/vc_column_text][\/vc_column][vc_column width=&#8221;1\/3&#8243;][vc_column_text css_animation=&#8221;right-to-left&#8221;]<\/p>\n<h3 class=\"text1\"><strong>Difunde<\/strong><\/h3>\n<p>[\/vc_column_text][\/vc_column][\/vc_row][vc_row][vc_column width=&#8221;1\/3&#8243;][vc_column_text]<\/p>\n<h3 class=\"text1\">Sobre la problem\u00e1tica que las llantas<br \/>\nde desecho tienen en el pa\u00eds y<br \/>\ncomo \u00e9sta nos afecta a todos.<\/h3>\n<p>[\/vc_column_text][\/vc_column][vc_column width=&#8221;1\/3&#8243;][vc_column_text]<\/p>\n<h3 class=\"text1\">\u00a1\u00danete a una de nuestras campa\u00f1as<br \/>\nde recolecci\u00f3n y limpieza de \u00e1reas!<\/h3>\n<p>[\/vc_column_text][\/vc_column][vc_column width=&#8221;1\/3&#8243;][vc_column_text]<\/p>\n<h3 class=\"text1\">Comparte en tus redes sociales informaci\u00f3n,<br \/>\nfotos y experiencias de<br \/>\nlo que aprendiste y viviste en esta<br \/>\nexperiencia para inspirar a otros.<\/h3>\n<p>[\/vc_column_text][\/vc_column][\/vc_row][vc_row][vc_column][vc_empty_space][\/vc_column][\/vc_row][vc_row][vc_column][vc_column_text]<\/p>\n<h2 class=\"text2\"><strong>Juntos podemos transformar la basura en trabajo, ingresos,<\/strong><br \/>\n<strong>vivienda sustentable y un medio ambiente m\u00e1s saludable.<\/strong><\/h2>\n<p>[\/vc_column_text][\/vc_column][\/vc_row][vc_row][vc_column][vc_separator color=&#8221;custom&#8221; border_width=&#8221;10&#8243; accent_color=&#8221;#81ccc7&#8243;][\/vc_column][\/vc_row][vc_row][vc_column][vc_column_text]<\/p>\n<h2 class=\"text2\"><strong>\u00c9stos son algunos pasos que puedes seguir para ayudar de manera sencilla y<\/strong><br \/>\n<strong>creativa a eliminar las llantas de desecho de nuestro pa\u00eds:<\/strong><\/h2>\n<p>[\/vc_column_text][\/vc_column][\/vc_row][vc_row][vc_column][vc_empty_space][\/vc_column][\/vc_row][vc_row][vc_column width=&#8221;1\/3&#8243;][vc_column_text css_animation=&#8221;left-to-right&#8221;]<img loading=\"lazy\" decoding=\"async\" class=\" wp-image-51 aligncenter\" src=\"\/wp-content\/uploads\/2015\/11\/logo6-137x300.png\" alt=\"logo6\" width=\"100\" height=\"219\" srcset=\"https:\/\/reciclallantas.org.mx\/wp-content\/uploads\/2015\/11\/logo6-137x300.png 137w, https:\/\/reciclallantas.org.mx\/wp-content\/uploads\/2015\/11\/logo6.png 250w\" sizes=\"(max-width: 100px) 100vw, 100px\" \/>.[\/vc_column_text][\/vc_column][vc_column width=&#8221;1\/3&#8243;][vc_column_text css_animation=&#8221;appear&#8221;]<img loading=\"lazy\" decoding=\"async\" class=\"wp-image-52 aligncenter\" src=\"\/wp-content\/uploads\/2015\/11\/logo7-225x300.png\" alt=\"logo7\" width=\"145\" height=\"192\" srcset=\"https:\/\/reciclallantas.org.mx\/wp-content\/uploads\/2015\/11\/logo7-225x300.png 225w, https:\/\/reciclallantas.org.mx\/wp-content\/uploads\/2015\/11\/logo7.png 250w\" sizes=\"(max-width: 145px) 100vw, 145px\" \/>[\/vc_column_text][\/vc_column][vc_column width=&#8221;1\/3&#8243;][vc_column_text css_animation=&#8221;right-to-left&#8221;]<img loading=\"lazy\" decoding=\"async\" class=\" wp-image-53 aligncenter\" src=\"\/wp-content\/uploads\/2015\/11\/logo8-300x270.png\" alt=\"logo8\" width=\"199\" height=\"179\" srcset=\"https:\/\/reciclallantas.org.mx\/wp-content\/uploads\/2015\/11\/logo8-300x270.png 300w, https:\/\/reciclallantas.org.mx\/wp-content\/uploads\/2015\/11\/logo8.png 350w\" sizes=\"(max-width: 199px) 100vw, 199px\" \/>[\/vc_column_text][\/vc_column][\/vc_row][vc_row][vc_column width=&#8221;1\/3&#8243;][vc_column_text css_animation=&#8221;left-to-right&#8221;]<\/p>\n<h2 class=\"text2\"><strong>1. Recolecta<br \/>\nLlantas que veas tiradas en tu comunidad.<\/strong><\/h2>\n<p>[\/vc_column_text][\/vc_column][vc_column width=&#8221;1\/3&#8243;][vc_column_text css_animation=&#8221;appear&#8221;]<\/p>\n<h2 class=\"text2\"><strong>2. Limpia<br \/>\nCon un trapo seco o cepillo para eliminar la tierra y el polvo<\/strong>.<\/h2>\n<p>[\/vc_column_text][\/vc_column][vc_column width=&#8221;1\/3&#8243;][vc_column_text css_animation=&#8221;right-to-left&#8221;]<\/p>\n<h2 class=\"text2\"><strong>3. \u00a1Crea!<br \/>\nMacetas, muebles, juegos y m\u00e1s usando las llantas recolectadas.<\/strong><\/h2>\n<p>[\/vc_column_text][\/vc_column][\/vc_row][vc_row][vc_column][vc_empty_space][\/vc_column][\/vc_row][vc_row][vc_column][vc_column_text]<\/p>\n<h2 class=\"text2\"><strong>Esta es la historia de millones de llantas que son desechadas en nuestro pa\u00eds anualmente:<\/strong><\/h2>\n<p>[\/vc_column_text][\/vc_column][\/vc_row][vc_row][vc_column width=&#8221;1\/3&#8243;][\/vc_column][vc_column width=&#8221;1\/3&#8243;][vc_images_carousel images=&#8221;811,748,749,750&#8243; img_size=&#8221;500 x 500&#8243; onclick=&#8221;link_no&#8221; hide_prev_next_buttons=&#8221;yes&#8221;][\/vc_column][vc_column width=&#8221;1\/3&#8243;][\/vc_column][\/vc_row]<\/p>\n","protected":false},"excerpt":{"rendered":"<p>[vc_row][vc_column][vc_raw_html]JTNDaDElMjBjbGFzcyUzRCUyMnRpdGxlMSUyMiUzRSUzQ3N0cm9uZyUzRUFzb2NpYWNpJUMzJUIzbiUyME1hbmVqbyUyMFJlc3BvbnNhYmxlJTIwZGUlMjBMbGFudGFzJTIwVXNhZGFzJTJDJTIwQS5DLiUzQyUyRnN0cm9uZyUzRSUzQyUyRmgxJTNF[\/vc_raw_html][\/vc_column][\/vc_row][vc_row][vc_column el_id=&#8221;asociacion&#8221;][vc_column_text] Manejo Responsable de Llantas Usadas, como su nombre lo indica, es una asociaci\u00f3n civil sin fines de lucro, preocupada por la problem\u00e1tica que las llantas de desecho representan para el medio ambiente y la sociedad. Es por esto que nos hemos reunido para crear campa\u00f1as de concientizaci\u00f3n, actividades para el involucramiento social, firma&#8230;<\/p>\n","protected":false},"author":1,"featured_media":0,"parent":0,"menu_order":0,"comment_status":"closed","ping_status":"closed","template":"home-page.php","meta":{"footnotes":""},"_links":{"self":[{"href":"https:\/\/reciclallantas.org.mx\/index.php\/wp-json\/wp\/v2\/pages\/95"}],"collection":[{"href":"https:\/\/reciclallantas.org.mx\/index.php\/wp-json\/wp\/v2\/pages"}],"about":[{"href":"https:\/\/reciclallantas.org.mx\/index.php\/wp-json\/wp\/v2\/types\/page"}],"author":[{"embeddable":true,"href":"https:\/\/reciclallantas.org.mx\/index.php\/wp-json\/wp\/v2\/users\/1"}],"replies":[{"embeddable":true,"href":"https:\/\/reciclallantas.org.mx\/index.php\/wp-json\/wp\/v2\/comments?post=95"}],"version-history":[{"count":193,"href":"https:\/\/reciclallantas.org.mx\/index.php\/wp-json\/wp\/v2\/pages\/95\/revisions"}],"predecessor-version":[{"id":22685,"href":"https:\/\/reciclallantas.org.mx\/index.php\/wp-json\/wp\/v2\/pages\/95\/revisions\/22685"}],"wp:attachment":[{"href":"https:\/\/reciclallantas.org.mx\/index.php\/wp-json\/wp\/v2\/media?parent=95"}],"curies":[{"name":"wp","href":"https:\/\/api.w.org\/{rel}","templated":true}]}}