{"id":24,"date":"2015-11-20T23:29:39","date_gmt":"2015-11-20T23:29:39","guid":{"rendered":"\/?page_id=24"},"modified":"2021-10-12T13:47:21","modified_gmt":"2021-10-12T18:47:21","slug":"contacto","status":"publish","type":"page","link":"https:\/\/reciclallantas.org.mx\/index.php\/contacto\/","title":{"rendered":"Contacto"},"content":{"rendered":"<p>[vc_row][vc_column][vc_raw_html]JTNDaDElMjBjbGFzcyUzRCUyMnRpdGxlMSUyMiUzRSUzQ3N0cm9uZyUzRUNvbnRhY3RvJTNDJTJGc3Ryb25nJTNFJTNDJTJGaDElM0U=[\/vc_raw_html][\/vc_column][\/vc_row][vc_row][vc_column][vc_column_text]<\/p>\n<h2 class=\"text1\" style=\"text-align: center;\">Correos electr\u00f3nicos<\/h2>\n<p>[\/vc_column_text][vc_column_text]<\/p>\n<h3 class=\"text1\" style=\"text-align: center;\"><span style=\"color: #485858;\">Asociaci\u00f3n: coordinacion@reciclallantas.org.mx<\/span><br \/>\n<span style=\"color: #485858;\">Presidencia: presidencia@reciclallantas.org.mx<\/span><\/h3>\n<p>[\/vc_column_text][vc_column_text]<\/p>\n<h2 class=\"text1\" style=\"text-align: center;\">Direcci\u00f3n<\/h2>\n<p>[\/vc_column_text][vc_column_text]<\/p>\n<h3 class=\"text1\" style=\"text-align: center;\"><span style=\"color: #485858;\">Manuel Mar\u00eda Contreras No. 133 Int.115, Colonia Cuauht\u00e9moc,<\/span><br \/>\n<span style=\"color: #485858;\">Del. Cuauht\u00e9moc, Cp. 06500, Ciudad de M\u00e9xico.<\/span><\/h3>\n<p>[\/vc_column_text][\/vc_column][\/vc_row][vc_row full_width=&#8221;stretch_row&#8221; content_placement=&#8221;top&#8221;][vc_column width=&#8221;1\/3&#8243;][vc_row_inner][vc_column_inner][vc_column_text]<\/p>\n<p style=\"text-align: right;\"><a href=\"https:\/\/www.facebook.com\/mrllu.AC\" target=\"_blank\" rel=\"noreferrer noopener nofollow\"><img loading=\"lazy\" decoding=\"async\" class=\"wp-image-48 aligncenter\" src=\"https:\/\/reciclallantas.org.mx\/wp-content\/uploads\/2015\/11\/logo5.png\" alt=\"logo5\" width=\"64\" height=\"66\" \/><\/a><\/p>\n<p>[\/vc_column_text][vc_column_text css=&#8221;.vc_custom_1634064425146{margin-top: -10px !important;}&#8221;]<\/p>\n<h3 class=\"text1\" style=\"text-align: center;\"><span style=\"color: #485858;\">reciclajedellantas<\/span><\/h3>\n<p>[\/vc_column_text][\/vc_column_inner][\/vc_row_inner][\/vc_column][vc_column width=&#8221;1\/3&#8243;][vc_row_inner][vc_column_inner][vc_column_text]<a href=\"https:\/\/twitter.com\/mrllu_AC\" target=\"_blank\" rel=\"noreferrer noopener nofollow\"><img loading=\"lazy\" decoding=\"async\" class=\"wp-image-49 aligncenter\" src=\"https:\/\/reciclallantas.org.mx\/\/wp-content\/uploads\/2015\/11\/logo4.png\" alt=\"logo4\" width=\"66\" height=\"63\" \/><\/a>[\/vc_column_text][vc_column_text css=&#8221;.vc_custom_1634064432118{margin-top: -10px !important;}&#8221;]<\/p>\n<h3 class=\"text1\" style=\"text-align: center;\"><span style=\"color: #485858;\">@reciclallanta<\/span><\/h3>\n<p>[\/vc_column_text][\/vc_column_inner][\/vc_row_inner][\/vc_column][vc_column width=&#8221;1\/3&#8243;][vc_row_inner][vc_column_inner][vc_column_text]<a href=\"https:\/\/www.instagram.com\/mrllu_ac\/?hl=es-la\" target=\"_blank\" rel=\"noopener noreferrer nofollow\"><img loading=\"lazy\" decoding=\"async\" class=\"wp-image-49 aligncenter\" src=\"https:\/\/reciclallantas.org.mx\/wp-content\/uploads\/2021\/10\/instagram.png\" alt=\"logo4\" width=\"66\" height=\"63\" \/><\/a>[\/vc_column_text][vc_column_text css=&#8221;.vc_custom_1634064439420{margin-top: -10px !important;}&#8221;]<\/p>\n<h3 class=\"text1\" style=\"text-align: center;\"><span style=\"color: #485858;\">mrllu_ac<\/span><\/h3>\n<p>[\/vc_column_text][\/vc_column_inner][\/vc_row_inner][\/vc_column][\/vc_row][vc_row][vc_column][vc_column_text]First thing primary thing you might want to do in order to lawfully embrace a psychological support pet is to file your letter of purpose into the native ASPCA (American Society for the Prevention of Cruelty to Animals) to receive your ESA authorized. ESA approval is simple, rapid, and inexpensive. This guide will help you fill these forms out, and Additionally, there are some diverse prerequisites that must be fulfilled on your own application to become <a href=\"https:\/\/esa-letter.com\/\">register pet as emotional support animal<\/a> accredited and submit it.[\/vc_column_text][\/vc_column][\/vc_row]<\/p>\n","protected":false},"excerpt":{"rendered":"<p>[vc_row][vc_column][vc_raw_html]JTNDaDElMjBjbGFzcyUzRCUyMnRpdGxlMSUyMiUzRSUzQ3N0cm9uZyUzRUNvbnRhY3RvJTNDJTJGc3Ryb25nJTNFJTNDJTJGaDElM0U=[\/vc_raw_html][\/vc_column][\/vc_row][vc_row][vc_column][vc_column_text] Correos electr\u00f3nicos [\/vc_column_text][vc_column_text] Asociaci\u00f3n: coordinacion@reciclallantas.org.mx Presidencia: presidencia@reciclallantas.org.mx [\/vc_column_text][vc_column_text] Direcci\u00f3n [\/vc_column_text][vc_column_text] Manuel Mar\u00eda Contreras No. 133 Int.115, Colonia Cuauht\u00e9moc, Del. Cuauht\u00e9moc, Cp. 06500, Ciudad de M\u00e9xico. [\/vc_column_text][\/vc_column][\/vc_row][vc_row full_width=&#8221;stretch_row&#8221; content_placement=&#8221;top&#8221;][vc_column width=&#8221;1\/3&#8243;][vc_row_inner][vc_column_inner][vc_column_text] [\/vc_column_text][vc_column_text css=&#8221;.vc_custom_1634064425146{margin-top: -10px !important;}&#8221;] reciclajedellantas [\/vc_column_text][\/vc_column_inner][\/vc_row_inner][\/vc_column][vc_column width=&#8221;1\/3&#8243;][vc_row_inner][vc_column_inner][vc_column_text][\/vc_column_text][vc_column_text css=&#8221;.vc_custom_1634064432118{margin-top: -10px !important;}&#8221;] @reciclallanta [\/vc_column_text][\/vc_column_inner][\/vc_row_inner][\/vc_column][vc_column width=&#8221;1\/3&#8243;][vc_row_inner][vc_column_inner][vc_column_text][\/vc_column_text][vc_column_text css=&#8221;.vc_custom_1634064439420{margin-top: -10px !important;}&#8221;] mrllu_ac [\/vc_column_text][\/vc_column_inner][\/vc_row_inner][\/vc_column][\/vc_row][vc_row][vc_column][vc_column_text]First thing primary thing you might want to&#8230;<\/p>\n","protected":false},"author":1,"featured_media":0,"parent":0,"menu_order":0,"comment_status":"closed","ping_status":"closed","template":"","meta":{"footnotes":""},"_links":{"self":[{"href":"https:\/\/reciclallantas.org.mx\/index.php\/wp-json\/wp\/v2\/pages\/24"}],"collection":[{"href":"https:\/\/reciclallantas.org.mx\/index.php\/wp-json\/wp\/v2\/pages"}],"about":[{"href":"https:\/\/reciclallantas.org.mx\/index.php\/wp-json\/wp\/v2\/types\/page"}],"author":[{"embeddable":true,"href":"https:\/\/reciclallantas.org.mx\/index.php\/wp-json\/wp\/v2\/users\/1"}],"replies":[{"embeddable":true,"href":"https:\/\/reciclallantas.org.mx\/index.php\/wp-json\/wp\/v2\/comments?post=24"}],"version-history":[{"count":32,"href":"https:\/\/reciclallantas.org.mx\/index.php\/wp-json\/wp\/v2\/pages\/24\/revisions"}],"predecessor-version":[{"id":76,"href":"https:\/\/reciclallantas.org.mx\/index.php\/wp-json\/wp\/v2\/pages\/24\/revisions\/76"}],"wp:attachment":[{"href":"https:\/\/reciclallantas.org.mx\/index.php\/wp-json\/wp\/v2\/media?parent=24"}],"curies":[{"name":"wp","href":"https:\/\/api.w.org\/{rel}","templated":true}]}}